{"id":1765,"date":"2024-11-12T12:17:27","date_gmt":"2024-11-12T12:17:27","guid":{"rendered":"https:\/\/web.urbanweb.tech\/confiding\/avis-juridique\/"},"modified":"2024-11-12T12:43:48","modified_gmt":"2024-11-12T12:43:48","slug":"mentions-legales","status":"publish","type":"page","link":"https:\/\/malhasconfiding.pt\/fr\/mentions-legales\/","title":{"rendered":"Mentions L\u00e9gales"},"content":{"rendered":"\t\t<div data-elementor-type=\"wp-page\" data-elementor-id=\"1765\" class=\"elementor elementor-1765 elementor-1763\" data-elementor-post-type=\"page\">\n\t\t\t\t<div class=\"elementor-element elementor-element-64b8491 e-con-full e-flex e-con e-parent\" data-id=\"64b8491\" data-element_type=\"container\" data-settings=\"{&quot;background_background&quot;:&quot;classic&quot;}\">\n\t\t\t\t<div class=\"elementor-element elementor-element-43bdc70 elementor-widget__width-inherit elementor-invisible elementor-widget elementor-widget-heading\" data-id=\"43bdc70\" data-element_type=\"widget\" data-settings=\"{&quot;_animation&quot;:&quot;fadeInDown&quot;}\" data-widget_type=\"heading.default\">\n\t\t\t\t<div class=\"elementor-widget-container\">\n\t\t\t\t\t<h1 class=\"elementor-heading-title elementor-size-default\">Avis juridique<\/h1>\t\t\t\t<\/div>\n\t\t\t\t<\/div>\n\t\t\t\t<\/div>\n\t\t<div class=\"elementor-element elementor-element-2be3516 e-flex e-con-boxed e-con e-parent\" data-id=\"2be3516\" data-element_type=\"container\">\n\t\t\t\t\t<div class=\"e-con-inner\">\n\t\t\t\t<div class=\"elementor-element elementor-element-e65af8e elementor-widget elementor-widget-text-editor\" data-id=\"e65af8e\" data-element_type=\"widget\" data-widget_type=\"text-editor.default\">\n\t\t\t\t<div class=\"elementor-widget-container\">\n\t\t\t\t\t\t\t\t\t<p>En acc\u00e9dant \u00e0 ce site web et en le consultant, vous acceptez sans restriction les conditions d&rsquo;utilisation suivantes :<\/p>\n\t\t\t\t\t\t\t\t<\/div>\n\t\t\t\t<\/div>\n\t\t\t\t<div class=\"elementor-element elementor-element-4bedf60 elementor-widget elementor-widget-text-editor\" data-id=\"4bedf60\" data-element_type=\"widget\" data-widget_type=\"text-editor.default\">\n\t\t\t\t<div class=\"elementor-widget-container\">\n\t\t\t\t\t\t\t\t\t<p>L&rsquo;ensemble du contenu de ce site web est d\u00e9tenu ou contr\u00f4l\u00e9 par Malhas Confinding et est prot\u00e9g\u00e9 par les lois internationales sur les droits d&rsquo;auteur. Vous pouvez t\u00e9l\u00e9charger le contenu pour une utilisation personnelle \u00e0 des fins non commerciales uniquement, mais la modification ou la reproduction du contenu n&rsquo;est pas autoris\u00e9e. Par ailleurs, le contenu ne peut \u00eatre copi\u00e9 ou utilis\u00e9 de quelque mani\u00e8re que ce soit. Les propri\u00e9taires de ce site web s&rsquo;efforcent d&rsquo;y inclure des informations actualis\u00e9es et exactes, mais ne donnent aucune garantie quant \u00e0 l&rsquo;exactitude, l&rsquo;acceptabilit\u00e9 ou l&rsquo;exhaustivit\u00e9 des informations fournies.   <\/p>\n\t\t\t\t\t\t\t\t<\/div>\n\t\t\t\t<\/div>\n\t\t\t\t<div class=\"elementor-element elementor-element-4c33dc1 elementor-widget elementor-widget-text-editor\" data-id=\"4c33dc1\" data-element_type=\"widget\" data-widget_type=\"text-editor.default\">\n\t\t\t\t<div class=\"elementor-widget-container\">\n\t\t\t\t\t\t\t\t\t<p>Les propri\u00e9taires de ce site ne peuvent \u00eatre tenus responsables des dommages ou des pertes r\u00e9sultant de votre acc\u00e8s ou de votre incapacit\u00e9 \u00e0 acc\u00e9der \u00e0 ce site, ou de la confiance que vous accordez \u00e0 toute information fournie sur ce site. Ce site web peut contenir des liens ou des r\u00e9f\u00e9rences \u00e0 d&rsquo;autres sites web, mais les propri\u00e9taires de ce site web ne sont pas responsables du contenu des sites web de tiers et ne peuvent \u00eatre tenus pour responsables de tout dommage ou perte r\u00e9sultant de ce contenu. <\/p>\n\t\t\t\t\t\t\t\t<\/div>\n\t\t\t\t<\/div>\n\t\t\t\t<div class=\"elementor-element elementor-element-cf60039 elementor-widget elementor-widget-text-editor\" data-id=\"cf60039\" data-element_type=\"widget\" data-widget_type=\"text-editor.default\">\n\t\t\t\t<div class=\"elementor-widget-container\">\n\t\t\t\t\t\t\t\t\t<p>Tous les liens vers d&rsquo;autres sites web sont pr\u00e9sent\u00e9s uniquement pour la commodit\u00e9 des utilisateurs de ce site web. Toute information personnelle identifiable contenue dans les communications \u00e9lectroniques adress\u00e9es \u00e0 ce site est r\u00e9gie par sa politique de confidentialit\u00e9. <\/p>\n\t\t\t\t\t\t\t\t<\/div>\n\t\t\t\t<\/div>\n\t\t\t\t<div class=\"elementor-element elementor-element-27cd02e elementor-widget elementor-widget-text-editor\" data-id=\"27cd02e\" data-element_type=\"widget\" data-widget_type=\"text-editor.default\">\n\t\t\t\t<div class=\"elementor-widget-container\">\n\t\t\t\t\t\t\t\t\t<p>Les propri\u00e9taires de ce site sont libres d&rsquo;utiliser ou de copier toutes les autres informations contenues dans ces communications, y compris les id\u00e9es, inventions, concepts, techniques ou savoir-faire qui y sont divulgu\u00e9s, \u00e0 quelque fin que ce soit. Ces fins peuvent inclure la divulgation \u00e0 des tiers et\/ou le d\u00e9veloppement, la fabrication et\/ou la commercialisation de biens et de services. <\/p>\n\t\t\t\t\t\t\t\t<\/div>\n\t\t\t\t<\/div>\n\t\t\t\t<div class=\"elementor-element elementor-element-61a72ee elementor-widget elementor-widget-text-editor\" data-id=\"61a72ee\" data-element_type=\"widget\" data-widget_type=\"text-editor.default\">\n\t\t\t\t<div class=\"elementor-widget-container\">\n\t\t\t\t\t\t\t\t\t<p>L&rsquo;exp\u00e9diteur de toute communication adress\u00e9e \u00e0 ce site web ou aux propri\u00e9taires de ce site est responsable du contenu et des informations qu&rsquo;elle contient, y compris de leur authenticit\u00e9 et de leur exactitude. Le contenu de ce site web est destin\u00e9 \u00e0 fournir un service \u00e0 ses visiteurs. Le propri\u00e9taire est libre de corriger ce site \u00e0 tout moment et sans pr\u00e9avis.  <\/p>\n\t\t\t\t\t\t\t\t<\/div>\n\t\t\t\t<\/div>\n\t\t\t\t\t<\/div>\n\t\t\t\t<\/div>\n\t\t\t\t<\/div>\n\t\t","protected":false},"excerpt":{"rendered":"<p>Avis juridique En acc\u00e9dant \u00e0 ce site web et en le consultant, vous acceptez sans restriction les conditions d&rsquo;utilisation suivantes : L&rsquo;ensemble du contenu de ce site web est d\u00e9tenu ou contr\u00f4l\u00e9 par Malhas Confinding et est prot\u00e9g\u00e9 par les lois internationales sur les droits d&rsquo;auteur. Vous pouvez t\u00e9l\u00e9charger le contenu pour une utilisation personnelle [&hellip;]<\/p>\n","protected":false},"author":1,"featured_media":0,"parent":0,"menu_order":0,"comment_status":"closed","ping_status":"closed","template":"","meta":{"footnotes":""},"class_list":["post-1765","page","type-page","status-publish","hentry"],"_links":{"self":[{"href":"https:\/\/malhasconfiding.pt\/fr\/wp-json\/wp\/v2\/pages\/1765","targetHints":{"allow":["GET"]}}],"collection":[{"href":"https:\/\/malhasconfiding.pt\/fr\/wp-json\/wp\/v2\/pages"}],"about":[{"href":"https:\/\/malhasconfiding.pt\/fr\/wp-json\/wp\/v2\/types\/page"}],"author":[{"embeddable":true,"href":"https:\/\/malhasconfiding.pt\/fr\/wp-json\/wp\/v2\/users\/1"}],"replies":[{"embeddable":true,"href":"https:\/\/malhasconfiding.pt\/fr\/wp-json\/wp\/v2\/comments?post=1765"}],"version-history":[{"count":9,"href":"https:\/\/malhasconfiding.pt\/fr\/wp-json\/wp\/v2\/pages\/1765\/revisions"}],"predecessor-version":[{"id":1818,"href":"https:\/\/malhasconfiding.pt\/fr\/wp-json\/wp\/v2\/pages\/1765\/revisions\/1818"}],"wp:attachment":[{"href":"https:\/\/malhasconfiding.pt\/fr\/wp-json\/wp\/v2\/media?parent=1765"}],"curies":[{"name":"wp","href":"https:\/\/api.w.org\/{rel}","templated":true}]}}